{"id":6434,"date":"2025-11-19T16:33:25","date_gmt":"2025-11-19T21:33:25","guid":{"rendered":"https:\/\/www.con-v-air.com\/?page_id=6434"},"modified":"2026-01-21T11:47:54","modified_gmt":"2026-01-21T16:47:54","slug":"installations","status":"publish","type":"page","link":"https:\/\/www.con-v-air.com\/en\/installations\/","title":{"rendered":"Our installations"},"content":{"rendered":"\t\t<div data-elementor-type=\"wp-page\" data-elementor-id=\"6434\" class=\"elementor elementor-6434 elementor-6433\" data-elementor-post-type=\"page\">\n\t\t\t\t<div class=\"elementor-element elementor-element-58eed13 e-con-full e-flex e-con e-parent\" data-id=\"58eed13\" data-element_type=\"container\" data-e-type=\"container\" data-settings=\"{&quot;background_background&quot;:&quot;classic&quot;}\">\n\t\t\t\t<div class=\"elementor-element elementor-element-2d92c3e elementor-widget elementor-widget-heading\" data-id=\"2d92c3e\" data-element_type=\"widget\" data-e-type=\"widget\" data-widget_type=\"heading.default\">\n\t\t\t\t\t<h1 class=\"elementor-heading-title elementor-size-default\">Our<br><span class=\"title-black\">installations<\/span><\/h1>\t\t\t\t<\/div>\n\t\t\t\t<\/div>\n\t\t<div class=\"elementor-element elementor-element-032ca4f e-grid e-con-boxed e-con e-parent\" data-id=\"032ca4f\" data-element_type=\"container\" data-e-type=\"container\">\n\t\t\t\t\t<div class=\"e-con-inner\">\n\t\t<div class=\"elementor-element elementor-element-c14f596 e-con-full e-flex e-con e-child\" data-id=\"c14f596\" data-element_type=\"container\" data-e-type=\"container\" data-settings=\"{&quot;background_background&quot;:&quot;classic&quot;}\">\n\t\t\t\t<div class=\"elementor-element elementor-element-bf94e61 elementor-widget elementor-widget-heading\" data-id=\"bf94e61\" data-element_type=\"widget\" data-e-type=\"widget\" data-widget_type=\"heading.default\">\n\t\t\t\t\t<h2 class=\"elementor-heading-title elementor-size-default\">Fabrication Facility and Head office<br><span class=\"title-black\"> Ste-Julie<\/span><\/h2>\t\t\t\t<\/div>\n\t\t\t\t<div class=\"elementor-element elementor-element-132faac elementor-widget elementor-widget-text-editor\" data-id=\"132faac\" data-element_type=\"widget\" data-e-type=\"widget\" data-widget_type=\"text-editor.default\">\n\t\t\t\t\t\t\t\t\t<p>1191, rue Nobel, Sainte-Julie<br>(Qu\u00e9bec) J3E 1Z4 , Canada<\/p>\t\t\t\t\t\t\t\t<\/div>\n\t\t\t\t<div class=\"elementor-element elementor-element-8a103b3 elementor-widget elementor-widget-image\" data-id=\"8a103b3\" data-element_type=\"widget\" data-e-type=\"widget\" data-widget_type=\"image.default\">\n\t\t\t\t\t\t\t\t\t\t\t\t\t\t\t<img fetchpriority=\"high\" decoding=\"async\" width=\"1200\" height=\"900\" src=\"https:\/\/www.con-v-air.com\/wp-content\/uploads\/2025\/02\/convair-usine.webp\" class=\"attachment-full size-full wp-image-6458\" alt=\"\" srcset=\"https:\/\/www.con-v-air.com\/wp-content\/uploads\/2025\/02\/convair-usine.webp 1200w, https:\/\/www.con-v-air.com\/wp-content\/uploads\/2025\/02\/convair-usine-300x225.webp 300w, https:\/\/www.con-v-air.com\/wp-content\/uploads\/2025\/02\/convair-usine-1024x768.webp 1024w, https:\/\/www.con-v-air.com\/wp-content\/uploads\/2025\/02\/convair-usine-768x576.webp 768w\" sizes=\"(max-width: 1200px) 100vw, 1200px\" \/>\t\t\t\t\t\t\t\t\t\t\t\t\t\t\t<\/div>\n\t\t\t\t<div class=\"elementor-element elementor-element-c42e82b elementor-widget elementor-widget-google_maps\" data-id=\"c42e82b\" data-element_type=\"widget\" data-e-type=\"widget\" data-widget_type=\"google_maps.default\">\n\t\t\t\t\t\t\t<div class=\"elementor-custom-embed\">\n\t\t\t<iframe loading=\"lazy\"\n\t\t\t\t\tsrc=\"https:\/\/maps.google.com\/maps?q=con-v-air&#038;t=m&#038;z=10&#038;output=embed&#038;iwloc=near\"\n\t\t\t\t\ttitle=\"con-v-air\"\n\t\t\t\t\taria-label=\"con-v-air\"\n\t\t\t><\/iframe>\n\t\t<\/div>\n\t\t\t\t\t\t<\/div>\n\t\t\t\t<\/div>\n\t\t<div class=\"elementor-element elementor-element-3bed87c e-con-full e-flex e-con e-child\" data-id=\"3bed87c\" data-element_type=\"container\" data-e-type=\"container\" data-settings=\"{&quot;background_background&quot;:&quot;classic&quot;}\">\n\t\t\t\t<div class=\"elementor-element elementor-element-041b904 elementor-widget elementor-widget-heading\" data-id=\"041b904\" data-element_type=\"widget\" data-e-type=\"widget\" data-widget_type=\"heading.default\">\n\t\t\t\t\t<h2 class=\"elementor-heading-title elementor-size-default\">Fabrication Facility<br><span class=\"title-black\">US Headquarters<\/span> <\/h2>\t\t\t\t<\/div>\n\t\t\t\t<div class=\"elementor-element elementor-element-c2f009f elementor-widget elementor-widget-text-editor\" data-id=\"c2f009f\" data-element_type=\"widget\" data-e-type=\"widget\" data-widget_type=\"text-editor.default\">\n\t\t\t\t\t\t\t\t\t<p>7045 Buckeye Valley Rd, Somerset,<br>OH 43783, \u00c9tats-Unis<\/p>\t\t\t\t\t\t\t\t<\/div>\n\t\t\t\t<div class=\"elementor-element elementor-element-9f1414b elementor-widget elementor-widget-image\" data-id=\"9f1414b\" data-element_type=\"widget\" data-e-type=\"widget\" data-widget_type=\"image.default\">\n\t\t\t\t\t\t\t\t\t\t\t\t\t\t\t<img decoding=\"async\" width=\"2560\" height=\"1920\" src=\"https:\/\/www.con-v-air.com\/wp-content\/uploads\/2025\/03\/convair-usa-plant-scaled.webp\" class=\"attachment-full size-full wp-image-6471\" alt=\"\" srcset=\"https:\/\/www.con-v-air.com\/wp-content\/uploads\/2025\/03\/convair-usa-plant-scaled.webp 2560w, https:\/\/www.con-v-air.com\/wp-content\/uploads\/2025\/03\/convair-usa-plant-300x225.webp 300w, https:\/\/www.con-v-air.com\/wp-content\/uploads\/2025\/03\/convair-usa-plant-1024x768.webp 1024w, https:\/\/www.con-v-air.com\/wp-content\/uploads\/2025\/03\/convair-usa-plant-768x576.webp 768w, https:\/\/www.con-v-air.com\/wp-content\/uploads\/2025\/03\/convair-usa-plant-1536x1152.webp 1536w, https:\/\/www.con-v-air.com\/wp-content\/uploads\/2025\/03\/convair-usa-plant-2048x1536.webp 2048w\" sizes=\"(max-width: 2560px) 100vw, 2560px\" \/>\t\t\t\t\t\t\t\t\t\t\t\t\t\t\t<\/div>\n\t\t\t\t<div class=\"elementor-element elementor-element-bb3b79c elementor-widget elementor-widget-google_maps\" data-id=\"bb3b79c\" data-element_type=\"widget\" data-e-type=\"widget\" data-widget_type=\"google_maps.default\">\n\t\t\t\t\t\t\t<div class=\"elementor-custom-embed\">\n\t\t\t<iframe loading=\"lazy\"\n\t\t\t\t\tsrc=\"https:\/\/maps.google.com\/maps?q=7045%20Buckeye%20Valley%20Rd%2C%20Somerset%2C%20OH%2043783%2C%20%C3%89tats-Unis&#038;t=m&#038;z=12&#038;output=embed&#038;iwloc=near\"\n\t\t\t\t\ttitle=\"7045 Buckeye Valley Rd, Somerset, OH 43783, \u00c9tats-Unis\"\n\t\t\t\t\taria-label=\"7045 Buckeye Valley Rd, Somerset, OH 43783, \u00c9tats-Unis\"\n\t\t\t><\/iframe>\n\t\t<\/div>\n\t\t\t\t\t\t<\/div>\n\t\t\t\t<\/div>\n\t\t<div class=\"elementor-element elementor-element-6cc5444 e-con-full e-flex e-con e-child\" data-id=\"6cc5444\" data-element_type=\"container\" data-e-type=\"container\" data-settings=\"{&quot;background_background&quot;:&quot;classic&quot;}\">\n\t\t\t\t<div class=\"elementor-element elementor-element-31c9b75 elementor-widget elementor-widget-heading\" data-id=\"31c9b75\" data-element_type=\"widget\" data-e-type=\"widget\" data-widget_type=\"heading.default\">\n\t\t\t\t\t<h2 class=\"elementor-heading-title elementor-size-default\">Engineering and project Management <\/h2>\t\t\t\t<\/div>\n\t\t\t\t<div class=\"elementor-element elementor-element-bc3729c elementor-widget elementor-widget-text-editor\" data-id=\"bc3729c\" data-element_type=\"widget\" data-e-type=\"widget\" data-widget_type=\"text-editor.default\">\n\t\t\t\t\t\t\t\t\t<p><span lang=\"FR-CA\">4255 Boul Lapini\u00e8re, Suite 208, Brossard <br><\/span><span lang=\"FR-CA\">(Quebec) <\/span><span lang=\"FR-CA\">J4Z 0C7<\/span><span lang=\"FR-CA\"> Canada<\/span><\/p>\t\t\t\t\t\t\t\t<\/div>\n\t\t\t\t<div class=\"elementor-element elementor-element-78f103e elementor-widget elementor-widget-image\" data-id=\"78f103e\" data-element_type=\"widget\" data-e-type=\"widget\" data-widget_type=\"image.default\">\n\t\t\t\t\t\t\t\t\t\t\t\t\t\t\t<img decoding=\"async\" width=\"1200\" height=\"900\" src=\"https:\/\/www.con-v-air.com\/wp-content\/uploads\/2025\/02\/bureau.webp\" class=\"attachment-full size-full wp-image-6442\" alt=\"\" srcset=\"https:\/\/www.con-v-air.com\/wp-content\/uploads\/2025\/02\/bureau.webp 1200w, https:\/\/www.con-v-air.com\/wp-content\/uploads\/2025\/02\/bureau-300x225.webp 300w, https:\/\/www.con-v-air.com\/wp-content\/uploads\/2025\/02\/bureau-1024x768.webp 1024w, https:\/\/www.con-v-air.com\/wp-content\/uploads\/2025\/02\/bureau-768x576.webp 768w\" sizes=\"(max-width: 1200px) 100vw, 1200px\" \/>\t\t\t\t\t\t\t\t\t\t\t\t\t\t\t<\/div>\n\t\t\t\t<div class=\"elementor-element elementor-element-8293128 elementor-widget elementor-widget-google_maps\" data-id=\"8293128\" data-element_type=\"widget\" data-e-type=\"widget\" data-widget_type=\"google_maps.default\">\n\t\t\t\t\t\t\t<div class=\"elementor-custom-embed\">\n\t\t\t<iframe loading=\"lazy\"\n\t\t\t\t\tsrc=\"https:\/\/maps.google.com\/maps?q=4255%2C%20Boul%20Lapini%C3%A8re%2C%20Brossard%20%28Qu%C3%A9bec%29%20J4Z%200C7%20Canada&#038;t=m&#038;z=13&#038;output=embed&#038;iwloc=near\"\n\t\t\t\t\ttitle=\"4255, Boul Lapini\u00e8re, Brossard (Qu\u00e9bec) J4Z 0C7 Canada\"\n\t\t\t\t\taria-label=\"4255, Boul Lapini\u00e8re, Brossard (Qu\u00e9bec) J4Z 0C7 Canada\"\n\t\t\t><\/iframe>\n\t\t<\/div>\n\t\t\t\t\t\t<\/div>\n\t\t\t\t<\/div>\n\t\t<div class=\"elementor-element elementor-element-56f34cc e-con-full e-flex e-con e-child\" data-id=\"56f34cc\" data-element_type=\"container\" data-e-type=\"container\" data-settings=\"{&quot;background_background&quot;:&quot;classic&quot;}\">\n\t\t\t\t<div class=\"elementor-element elementor-element-50d6576 elementor-widget elementor-widget-heading\" data-id=\"50d6576\" data-element_type=\"widget\" data-e-type=\"widget\" data-widget_type=\"heading.default\">\n\t\t\t\t\t<h2 class=\"elementor-heading-title elementor-size-default\">Warehouse<\/h2>\t\t\t\t<\/div>\n\t\t\t\t<div class=\"elementor-element elementor-element-908c952 elementor-widget elementor-widget-text-editor\" data-id=\"908c952\" data-element_type=\"widget\" data-e-type=\"widget\" data-widget_type=\"text-editor.default\">\n\t\t\t\t\t\t\t\t\t<p>3275 Rue de l&#8217;Industrie, Suite 33, Saint-Mathieu-de-Beloeil, <span lang=\"FR-CA\">(Qu\u00e9bec) J3G 0M8<\/span><span lang=\"FR-CA\"> Canada<\/span><\/p>\t\t\t\t\t\t\t\t<\/div>\n\t\t\t\t<div class=\"elementor-element elementor-element-5245d52 elementor-widget elementor-widget-image\" data-id=\"5245d52\" data-element_type=\"widget\" data-e-type=\"widget\" data-widget_type=\"image.default\">\n\t\t\t\t\t\t\t\t\t\t\t\t\t\t\t<img loading=\"lazy\" decoding=\"async\" width=\"1200\" height=\"900\" src=\"https:\/\/www.con-v-air.com\/wp-content\/uploads\/2025\/02\/assemblage.webp\" class=\"attachment-full size-full wp-image-6444\" alt=\"\" srcset=\"https:\/\/www.con-v-air.com\/wp-content\/uploads\/2025\/02\/assemblage.webp 1200w, https:\/\/www.con-v-air.com\/wp-content\/uploads\/2025\/02\/assemblage-300x225.webp 300w, https:\/\/www.con-v-air.com\/wp-content\/uploads\/2025\/02\/assemblage-1024x768.webp 1024w, https:\/\/www.con-v-air.com\/wp-content\/uploads\/2025\/02\/assemblage-768x576.webp 768w\" sizes=\"(max-width: 1200px) 100vw, 1200px\" \/>\t\t\t\t\t\t\t\t\t\t\t\t\t\t\t<\/div>\n\t\t\t\t<div class=\"elementor-element elementor-element-73857f6 elementor-widget elementor-widget-google_maps\" data-id=\"73857f6\" data-element_type=\"widget\" data-e-type=\"widget\" data-widget_type=\"google_maps.default\">\n\t\t\t\t\t\t\t<div class=\"elementor-custom-embed\">\n\t\t\t<iframe loading=\"lazy\"\n\t\t\t\t\tsrc=\"https:\/\/maps.google.com\/maps?q=3275%20Rue%20de%20l%27Industrie%2C%20Suite%2033%2C%20Saint-Mathieu-de-Beloeil%2C%20%28Qu%C3%A9bec%29%20J3G%200M8%20Canada&#038;t=m&#038;z=13&#038;output=embed&#038;iwloc=near\"\n\t\t\t\t\ttitle=\"3275 Rue de l&#039;Industrie, Suite 33, Saint-Mathieu-de-Beloeil, (Qu\u00e9bec) J3G 0M8 Canada\"\n\t\t\t\t\taria-label=\"3275 Rue de l&#039;Industrie, Suite 33, Saint-Mathieu-de-Beloeil, (Qu\u00e9bec) J3G 0M8 Canada\"\n\t\t\t><\/iframe>\n\t\t<\/div>\n\t\t\t\t\t\t<\/div>\n\t\t\t\t<\/div>\n\t\t\t\t\t<\/div>\n\t\t\t\t<\/div>\n\t\t\t\t<\/div>\n\t\t","protected":false},"excerpt":{"rendered":"<p>Ourinstallations Fabrication Facility and Head office Ste-Julie 1191, rue Nobel, Sainte-Julie(Qu\u00e9bec) J3E 1Z4 , Canada Fabrication FacilityUS Headquarters 7045 Buckeye Valley Rd, Somerset,OH 43783, \u00c9tats-Unis Engineering and project Management 4255 Boul Lapini\u00e8re, Suite 208, Brossard (Quebec) J4Z 0C7 Canada Warehouse 3275 Rue de l&#8217;Industrie, Suite 33, Saint-Mathieu-de-Beloeil, (Qu\u00e9bec) J3G 0M8 Canada<\/p>\n","protected":false},"author":1,"featured_media":0,"parent":0,"menu_order":0,"comment_status":"closed","ping_status":"closed","template":"elementor_header_footer","meta":{"_acf_changed":false,"footnotes":""},"class_list":["post-6434","page","type-page","status-publish","hentry"],"acf":[],"yoast_head":"<!-- This site is optimized with the Yoast SEO plugin v27.4 - https:\/\/yoast.com\/product\/yoast-seo-wordpress\/ -->\n<title>Our installations - CON-V-AIR : Bulk handling<\/title>\n<meta name=\"description\" content=\"CON-V-AIR est le leader dans les solutions de manutention de mat\u00e9riaux en vrac avec des syst\u00e8mes fiables et sur mesure\" \/>\n<meta name=\"robots\" content=\"index, follow, max-snippet:-1, max-image-preview:large, max-video-preview:-1\" \/>\n<link rel=\"canonical\" href=\"https:\/\/www.con-v-air.com\/en\/installations\/\" \/>\n<meta property=\"og:locale\" content=\"en_US\" \/>\n<meta property=\"og:type\" content=\"article\" \/>\n<meta property=\"og:title\" content=\"Who we are - CON-V-AIR : Bulk handling\" \/>\n<meta property=\"og:description\" content=\"CON-V-AIR is the leader in bulk material handling solutions with reliable, tailor-made systems.\" \/>\n<meta property=\"og:url\" content=\"https:\/\/www.con-v-air.com\/en\/installations\/\" \/>\n<meta property=\"og:site_name\" content=\"Con-V-Air\" \/>\n<meta property=\"article:modified_time\" content=\"2026-01-21T16:47:54+00:00\" \/>\n<meta property=\"og:image\" content=\"https:\/\/www.con-v-air.com\/wp-content\/uploads\/2022\/07\/CON-V-AIR_302-1024x614.jpg\" \/>\n<meta name=\"twitter:card\" content=\"summary_large_image\" \/>\n<meta name=\"twitter:label1\" content=\"Est. reading time\" \/>\n\t<meta name=\"twitter:data1\" content=\"2 minutes\" \/>\n<script type=\"application\/ld+json\" class=\"yoast-schema-graph\">{\"@context\":\"https:\\\/\\\/schema.org\",\"@graph\":[{\"@type\":\"WebPage\",\"@id\":\"https:\\\/\\\/www.con-v-air.com\\\/en\\\/installations\\\/\",\"url\":\"https:\\\/\\\/www.con-v-air.com\\\/en\\\/installations\\\/\",\"name\":\"Our installations - CON-V-AIR : Bulk handling\",\"isPartOf\":{\"@id\":\"https:\\\/\\\/www.con-v-air.com\\\/#website\"},\"primaryImageOfPage\":{\"@id\":\"https:\\\/\\\/www.con-v-air.com\\\/en\\\/installations\\\/#primaryimage\"},\"image\":{\"@id\":\"https:\\\/\\\/www.con-v-air.com\\\/en\\\/installations\\\/#primaryimage\"},\"thumbnailUrl\":\"https:\\\/\\\/www.con-v-air.com\\\/wp-content\\\/uploads\\\/2025\\\/02\\\/convair-usine.webp\",\"datePublished\":\"2025-11-19T21:33:25+00:00\",\"dateModified\":\"2026-01-21T16:47:54+00:00\",\"description\":\"CON-V-AIR est le leader dans les solutions de manutention de mat\u00e9riaux en vrac avec des syst\u00e8mes fiables et sur mesure\",\"breadcrumb\":{\"@id\":\"https:\\\/\\\/www.con-v-air.com\\\/en\\\/installations\\\/#breadcrumb\"},\"inLanguage\":\"en-US\",\"potentialAction\":[{\"@type\":\"ReadAction\",\"target\":[\"https:\\\/\\\/www.con-v-air.com\\\/en\\\/installations\\\/\"]}]},{\"@type\":\"ImageObject\",\"inLanguage\":\"en-US\",\"@id\":\"https:\\\/\\\/www.con-v-air.com\\\/en\\\/installations\\\/#primaryimage\",\"url\":\"https:\\\/\\\/www.con-v-air.com\\\/wp-content\\\/uploads\\\/2025\\\/02\\\/convair-usine.webp\",\"contentUrl\":\"https:\\\/\\\/www.con-v-air.com\\\/wp-content\\\/uploads\\\/2025\\\/02\\\/convair-usine.webp\"},{\"@type\":\"BreadcrumbList\",\"@id\":\"https:\\\/\\\/www.con-v-air.com\\\/en\\\/installations\\\/#breadcrumb\",\"itemListElement\":[{\"@type\":\"ListItem\",\"position\":1,\"name\":\"Accueil\",\"item\":\"https:\\\/\\\/www.con-v-air.com\\\/en\\\/home\\\/\"},{\"@type\":\"ListItem\",\"position\":2,\"name\":\"Our installations\"}]},{\"@type\":\"WebSite\",\"@id\":\"https:\\\/\\\/www.con-v-air.com\\\/#website\",\"url\":\"https:\\\/\\\/www.con-v-air.com\\\/\",\"name\":\"Con-V-Air\",\"description\":\"Fournir des syst\u00e8mes pour l&#039;entreposage et la manutention du vrac solide dans les industries les plus exigeantes en termes\",\"publisher\":{\"@id\":\"https:\\\/\\\/www.con-v-air.com\\\/#organization\"},\"potentialAction\":[{\"@type\":\"SearchAction\",\"target\":{\"@type\":\"EntryPoint\",\"urlTemplate\":\"https:\\\/\\\/www.con-v-air.com\\\/?s={search_term_string}\"},\"query-input\":{\"@type\":\"PropertyValueSpecification\",\"valueRequired\":true,\"valueName\":\"search_term_string\"}}],\"inLanguage\":\"en-US\"},{\"@type\":\"Organization\",\"@id\":\"https:\\\/\\\/www.con-v-air.com\\\/#organization\",\"name\":\"Con-V-Air\",\"url\":\"https:\\\/\\\/www.con-v-air.com\\\/\",\"logo\":{\"@type\":\"ImageObject\",\"inLanguage\":\"en-US\",\"@id\":\"https:\\\/\\\/www.con-v-air.com\\\/#\\\/schema\\\/logo\\\/image\\\/\",\"url\":\"https:\\\/\\\/www.con-v-air.com\\\/wp-content\\\/uploads\\\/2021\\\/12\\\/logo.png\",\"contentUrl\":\"https:\\\/\\\/www.con-v-air.com\\\/wp-content\\\/uploads\\\/2021\\\/12\\\/logo.png\",\"width\":167,\"height\":29,\"caption\":\"Con-V-Air\"},\"image\":{\"@id\":\"https:\\\/\\\/www.con-v-air.com\\\/#\\\/schema\\\/logo\\\/image\\\/\"}}]}<\/script>\n<!-- \/ Yoast SEO plugin. -->","yoast_head_json":{"title":"Our installations - CON-V-AIR : Bulk handling","description":"CON-V-AIR est le leader dans les solutions de manutention de mat\u00e9riaux en vrac avec des syst\u00e8mes fiables et sur mesure","robots":{"index":"index","follow":"follow","max-snippet":"max-snippet:-1","max-image-preview":"max-image-preview:large","max-video-preview":"max-video-preview:-1"},"canonical":"https:\/\/www.con-v-air.com\/en\/installations\/","og_locale":"en_US","og_type":"article","og_title":"Who we are - CON-V-AIR : Bulk handling","og_description":"CON-V-AIR is the leader in bulk material handling solutions with reliable, tailor-made systems.","og_url":"https:\/\/www.con-v-air.com\/en\/installations\/","og_site_name":"Con-V-Air","article_modified_time":"2026-01-21T16:47:54+00:00","og_image":[{"url":"https:\/\/www.con-v-air.com\/wp-content\/uploads\/2022\/07\/CON-V-AIR_302-1024x614.jpg","type":"","width":"","height":""}],"twitter_card":"summary_large_image","twitter_misc":{"Est. reading time":"2 minutes"},"schema":{"@context":"https:\/\/schema.org","@graph":[{"@type":"WebPage","@id":"https:\/\/www.con-v-air.com\/en\/installations\/","url":"https:\/\/www.con-v-air.com\/en\/installations\/","name":"Our installations - CON-V-AIR : Bulk handling","isPartOf":{"@id":"https:\/\/www.con-v-air.com\/#website"},"primaryImageOfPage":{"@id":"https:\/\/www.con-v-air.com\/en\/installations\/#primaryimage"},"image":{"@id":"https:\/\/www.con-v-air.com\/en\/installations\/#primaryimage"},"thumbnailUrl":"https:\/\/www.con-v-air.com\/wp-content\/uploads\/2025\/02\/convair-usine.webp","datePublished":"2025-11-19T21:33:25+00:00","dateModified":"2026-01-21T16:47:54+00:00","description":"CON-V-AIR est le leader dans les solutions de manutention de mat\u00e9riaux en vrac avec des syst\u00e8mes fiables et sur mesure","breadcrumb":{"@id":"https:\/\/www.con-v-air.com\/en\/installations\/#breadcrumb"},"inLanguage":"en-US","potentialAction":[{"@type":"ReadAction","target":["https:\/\/www.con-v-air.com\/en\/installations\/"]}]},{"@type":"ImageObject","inLanguage":"en-US","@id":"https:\/\/www.con-v-air.com\/en\/installations\/#primaryimage","url":"https:\/\/www.con-v-air.com\/wp-content\/uploads\/2025\/02\/convair-usine.webp","contentUrl":"https:\/\/www.con-v-air.com\/wp-content\/uploads\/2025\/02\/convair-usine.webp"},{"@type":"BreadcrumbList","@id":"https:\/\/www.con-v-air.com\/en\/installations\/#breadcrumb","itemListElement":[{"@type":"ListItem","position":1,"name":"Accueil","item":"https:\/\/www.con-v-air.com\/en\/home\/"},{"@type":"ListItem","position":2,"name":"Our installations"}]},{"@type":"WebSite","@id":"https:\/\/www.con-v-air.com\/#website","url":"https:\/\/www.con-v-air.com\/","name":"Con-V-Air","description":"Fournir des syst\u00e8mes pour l&#039;entreposage et la manutention du vrac solide dans les industries les plus exigeantes en termes","publisher":{"@id":"https:\/\/www.con-v-air.com\/#organization"},"potentialAction":[{"@type":"SearchAction","target":{"@type":"EntryPoint","urlTemplate":"https:\/\/www.con-v-air.com\/?s={search_term_string}"},"query-input":{"@type":"PropertyValueSpecification","valueRequired":true,"valueName":"search_term_string"}}],"inLanguage":"en-US"},{"@type":"Organization","@id":"https:\/\/www.con-v-air.com\/#organization","name":"Con-V-Air","url":"https:\/\/www.con-v-air.com\/","logo":{"@type":"ImageObject","inLanguage":"en-US","@id":"https:\/\/www.con-v-air.com\/#\/schema\/logo\/image\/","url":"https:\/\/www.con-v-air.com\/wp-content\/uploads\/2021\/12\/logo.png","contentUrl":"https:\/\/www.con-v-air.com\/wp-content\/uploads\/2021\/12\/logo.png","width":167,"height":29,"caption":"Con-V-Air"},"image":{"@id":"https:\/\/www.con-v-air.com\/#\/schema\/logo\/image\/"}}]}},"_links":{"self":[{"href":"https:\/\/www.con-v-air.com\/en\/wp-json\/wp\/v2\/pages\/6434","targetHints":{"allow":["GET"]}}],"collection":[{"href":"https:\/\/www.con-v-air.com\/en\/wp-json\/wp\/v2\/pages"}],"about":[{"href":"https:\/\/www.con-v-air.com\/en\/wp-json\/wp\/v2\/types\/page"}],"author":[{"embeddable":true,"href":"https:\/\/www.con-v-air.com\/en\/wp-json\/wp\/v2\/users\/1"}],"replies":[{"embeddable":true,"href":"https:\/\/www.con-v-air.com\/en\/wp-json\/wp\/v2\/comments?post=6434"}],"version-history":[{"count":11,"href":"https:\/\/www.con-v-air.com\/en\/wp-json\/wp\/v2\/pages\/6434\/revisions"}],"predecessor-version":[{"id":7271,"href":"https:\/\/www.con-v-air.com\/en\/wp-json\/wp\/v2\/pages\/6434\/revisions\/7271"}],"wp:attachment":[{"href":"https:\/\/www.con-v-air.com\/en\/wp-json\/wp\/v2\/media?parent=6434"}],"curies":[{"name":"wp","href":"https:\/\/api.w.org\/{rel}","templated":true}]}}